{"id":452,"date":"2025-10-17T12:41:05","date_gmt":"2025-10-17T10:41:05","guid":{"rendered":"https:\/\/raportesg2024.gkpge.pl\/en\/?page_id=452"},"modified":"2025-10-23T20:14:36","modified_gmt":"2025-10-23T18:14:36","slug":"e4-2-polityki-zwiazane-z-bioroznorodnoscia-i-ekosystemami","status":"publish","type":"page","link":"https:\/\/raportesg2024.gkpge.pl\/en\/environment-esrs-e\/esrs-e4-biodiversity-and-ecosystems\/e4-2-polityki-zwiazane-z-bioroznorodnoscia-i-ekosystemami\/","title":{"rendered":"[E4-2] Polityki zwi\u0105zane z bior\u00f3\u017cnorodno\u015bci\u0105 i ekosystemami"},"content":{"rendered":"","protected":false},"excerpt":{"rendered":"","protected":false},"author":2,"featured_media":0,"parent":444,"menu_order":0,"comment_status":"closed","ping_status":"closed","template":"","meta":{"_acf_changed":false,"footnotes":""},"dictionary":[],"class_list":["post-452","page","type-page","status-publish","hentry"],"acf":[],"yoast_head":"<!-- This site is optimized with the Yoast SEO plugin v26.0 - https:\/\/yoast.com\/wordpress\/plugins\/seo\/ -->\n<title>[E4-2] Polityki zwi\u0105zane z bior\u00f3\u017cnorodno\u015bci\u0105 i ekosystemami - Annual Report PGE 2024<\/title>\n<meta name=\"robots\" content=\"noindex, follow, max-snippet:-1, max-image-preview:large, max-video-preview:-1\" \/>\n<meta property=\"og:locale\" content=\"pl_PL\" \/>\n<meta property=\"og:type\" content=\"article\" \/>\n<meta property=\"og:title\" content=\"[E4-2] Polityki zwi\u0105zane z bior\u00f3\u017cnorodno\u015bci\u0105 i ekosystemami - Annual Report PGE 2024\" \/>\n<meta property=\"og:url\" content=\"https:\/\/raportesg2024.gkpge.pl\/en\/environment-esrs-e\/esrs-e4-biodiversity-and-ecosystems\/e4-2-polityki-zwiazane-z-bioroznorodnoscia-i-ekosystemami\/\" \/>\n<meta property=\"og:site_name\" content=\"Annual Report PGE 2024\" \/>\n<meta property=\"article:modified_time\" content=\"2025-10-23T18:14:36+00:00\" \/>\n<meta name=\"twitter:card\" content=\"summary_large_image\" \/>\n<script type=\"application\/ld+json\" class=\"yoast-schema-graph\">{\"@context\":\"https:\/\/schema.org\",\"@graph\":[{\"@type\":\"WebPage\",\"@id\":\"https:\/\/raportesg2024.gkpge.pl\/en\/environment-esrs-e\/esrs-e4-biodiversity-and-ecosystems\/e4-2-polityki-zwiazane-z-bioroznorodnoscia-i-ekosystemami\/\",\"url\":\"https:\/\/raportesg2024.gkpge.pl\/en\/environment-esrs-e\/esrs-e4-biodiversity-and-ecosystems\/e4-2-polityki-zwiazane-z-bioroznorodnoscia-i-ekosystemami\/\",\"name\":\"[E4-2] Polityki zwi\u0105zane z bior\u00f3\u017cnorodno\u015bci\u0105 i ekosystemami - Annual Report PGE 2024\",\"isPartOf\":{\"@id\":\"https:\/\/raportesg2024.gkpge.pl\/en\/#website\"},\"datePublished\":\"2025-10-17T10:41:05+00:00\",\"dateModified\":\"2025-10-23T18:14:36+00:00\",\"breadcrumb\":{\"@id\":\"https:\/\/raportesg2024.gkpge.pl\/en\/environment-esrs-e\/esrs-e4-biodiversity-and-ecosystems\/e4-2-polityki-zwiazane-z-bioroznorodnoscia-i-ekosystemami\/#breadcrumb\"},\"inLanguage\":\"pl-PL\",\"potentialAction\":[{\"@type\":\"ReadAction\",\"target\":[\"https:\/\/raportesg2024.gkpge.pl\/en\/environment-esrs-e\/esrs-e4-biodiversity-and-ecosystems\/e4-2-polityki-zwiazane-z-bioroznorodnoscia-i-ekosystemami\/\"]}]},{\"@type\":\"BreadcrumbList\",\"@id\":\"https:\/\/raportesg2024.gkpge.pl\/en\/environment-esrs-e\/esrs-e4-biodiversity-and-ecosystems\/e4-2-polityki-zwiazane-z-bioroznorodnoscia-i-ekosystemami\/#breadcrumb\",\"itemListElement\":[{\"@type\":\"ListItem\",\"position\":1,\"name\":\"Strona g\u0142\u00f3wna\",\"item\":\"https:\/\/raportesg2024.gkpge.pl\/en\/\"},{\"@type\":\"ListItem\",\"position\":2,\"name\":\"Environment [ESRS E]\",\"item\":\"https:\/\/raportesg2024.gkpge.pl\/en\/environment-esrs-e\/\"},{\"@type\":\"ListItem\",\"position\":3,\"name\":\"[ESRS E4] Biodiversity and ecosystems\",\"item\":\"https:\/\/raportesg2024.gkpge.pl\/en\/environment-esrs-e\/esrs-e4-biodiversity-and-ecosystems\/\"},{\"@type\":\"ListItem\",\"position\":4,\"name\":\"[E4-2] Polityki zwi\u0105zane z bior\u00f3\u017cnorodno\u015bci\u0105 i ekosystemami\"}]},{\"@type\":\"WebSite\",\"@id\":\"https:\/\/raportesg2024.gkpge.pl\/en\/#website\",\"url\":\"https:\/\/raportesg2024.gkpge.pl\/en\/\",\"name\":\"Annual Report PGE 2024\",\"description\":\"\",\"potentialAction\":[{\"@type\":\"SearchAction\",\"target\":{\"@type\":\"EntryPoint\",\"urlTemplate\":\"https:\/\/raportesg2024.gkpge.pl\/en\/?s={search_term_string}\"},\"query-input\":{\"@type\":\"PropertyValueSpecification\",\"valueRequired\":true,\"valueName\":\"search_term_string\"}}],\"inLanguage\":\"pl-PL\"}]}<\/script>\n<!-- \/ Yoast SEO plugin. -->","yoast_head_json":{"title":"[E4-2] Polityki zwi\u0105zane z bior\u00f3\u017cnorodno\u015bci\u0105 i ekosystemami - Annual Report PGE 2024","robots":{"index":"noindex","follow":"follow","max-snippet":"max-snippet:-1","max-image-preview":"max-image-preview:large","max-video-preview":"max-video-preview:-1"},"og_locale":"pl_PL","og_type":"article","og_title":"[E4-2] Polityki zwi\u0105zane z bior\u00f3\u017cnorodno\u015bci\u0105 i ekosystemami - Annual Report PGE 2024","og_url":"https:\/\/raportesg2024.gkpge.pl\/en\/environment-esrs-e\/esrs-e4-biodiversity-and-ecosystems\/e4-2-polityki-zwiazane-z-bioroznorodnoscia-i-ekosystemami\/","og_site_name":"Annual Report PGE 2024","article_modified_time":"2025-10-23T18:14:36+00:00","twitter_card":"summary_large_image","schema":{"@context":"https:\/\/schema.org","@graph":[{"@type":"WebPage","@id":"https:\/\/raportesg2024.gkpge.pl\/en\/environment-esrs-e\/esrs-e4-biodiversity-and-ecosystems\/e4-2-polityki-zwiazane-z-bioroznorodnoscia-i-ekosystemami\/","url":"https:\/\/raportesg2024.gkpge.pl\/en\/environment-esrs-e\/esrs-e4-biodiversity-and-ecosystems\/e4-2-polityki-zwiazane-z-bioroznorodnoscia-i-ekosystemami\/","name":"[E4-2] Polityki zwi\u0105zane z bior\u00f3\u017cnorodno\u015bci\u0105 i ekosystemami - Annual Report PGE 2024","isPartOf":{"@id":"https:\/\/raportesg2024.gkpge.pl\/en\/#website"},"datePublished":"2025-10-17T10:41:05+00:00","dateModified":"2025-10-23T18:14:36+00:00","breadcrumb":{"@id":"https:\/\/raportesg2024.gkpge.pl\/en\/environment-esrs-e\/esrs-e4-biodiversity-and-ecosystems\/e4-2-polityki-zwiazane-z-bioroznorodnoscia-i-ekosystemami\/#breadcrumb"},"inLanguage":"pl-PL","potentialAction":[{"@type":"ReadAction","target":["https:\/\/raportesg2024.gkpge.pl\/en\/environment-esrs-e\/esrs-e4-biodiversity-and-ecosystems\/e4-2-polityki-zwiazane-z-bioroznorodnoscia-i-ekosystemami\/"]}]},{"@type":"BreadcrumbList","@id":"https:\/\/raportesg2024.gkpge.pl\/en\/environment-esrs-e\/esrs-e4-biodiversity-and-ecosystems\/e4-2-polityki-zwiazane-z-bioroznorodnoscia-i-ekosystemami\/#breadcrumb","itemListElement":[{"@type":"ListItem","position":1,"name":"Strona g\u0142\u00f3wna","item":"https:\/\/raportesg2024.gkpge.pl\/en\/"},{"@type":"ListItem","position":2,"name":"Environment [ESRS E]","item":"https:\/\/raportesg2024.gkpge.pl\/en\/environment-esrs-e\/"},{"@type":"ListItem","position":3,"name":"[ESRS E4] Biodiversity and ecosystems","item":"https:\/\/raportesg2024.gkpge.pl\/en\/environment-esrs-e\/esrs-e4-biodiversity-and-ecosystems\/"},{"@type":"ListItem","position":4,"name":"[E4-2] Polityki zwi\u0105zane z bior\u00f3\u017cnorodno\u015bci\u0105 i ekosystemami"}]},{"@type":"WebSite","@id":"https:\/\/raportesg2024.gkpge.pl\/en\/#website","url":"https:\/\/raportesg2024.gkpge.pl\/en\/","name":"Annual Report PGE 2024","description":"","potentialAction":[{"@type":"SearchAction","target":{"@type":"EntryPoint","urlTemplate":"https:\/\/raportesg2024.gkpge.pl\/en\/?s={search_term_string}"},"query-input":{"@type":"PropertyValueSpecification","valueRequired":true,"valueName":"search_term_string"}}],"inLanguage":"pl-PL"}]}},"_links":{"self":[{"href":"https:\/\/raportesg2024.gkpge.pl\/en\/wp-json\/wp\/v2\/pages\/452","targetHints":{"allow":["GET"]}}],"collection":[{"href":"https:\/\/raportesg2024.gkpge.pl\/en\/wp-json\/wp\/v2\/pages"}],"about":[{"href":"https:\/\/raportesg2024.gkpge.pl\/en\/wp-json\/wp\/v2\/types\/page"}],"author":[{"embeddable":true,"href":"https:\/\/raportesg2024.gkpge.pl\/en\/wp-json\/wp\/v2\/users\/2"}],"replies":[{"embeddable":true,"href":"https:\/\/raportesg2024.gkpge.pl\/en\/wp-json\/wp\/v2\/comments?post=452"}],"version-history":[{"count":3,"href":"https:\/\/raportesg2024.gkpge.pl\/en\/wp-json\/wp\/v2\/pages\/452\/revisions"}],"predecessor-version":[{"id":1157,"href":"https:\/\/raportesg2024.gkpge.pl\/en\/wp-json\/wp\/v2\/pages\/452\/revisions\/1157"}],"up":[{"embeddable":true,"href":"https:\/\/raportesg2024.gkpge.pl\/en\/wp-json\/wp\/v2\/pages\/444"}],"wp:attachment":[{"href":"https:\/\/raportesg2024.gkpge.pl\/en\/wp-json\/wp\/v2\/media?parent=452"}],"wp:term":[{"taxonomy":"dictionary","embeddable":true,"href":"https:\/\/raportesg2024.gkpge.pl\/en\/wp-json\/wp\/v2\/dictionary?post=452"}],"curies":[{"name":"wp","href":"https:\/\/api.w.org\/{rel}","templated":true}]}}